{"id":294,"date":"2024-11-18T10:09:40","date_gmt":"2024-11-18T09:09:40","guid":{"rendered":"http:\/\/cabinetieu-associe.com\/?page_id=294"},"modified":"2025-01-20T14:34:31","modified_gmt":"2025-01-20T13:34:31","slug":"fiscalite","status":"publish","type":"page","link":"https:\/\/cabinetieu-associe.com\/index.php\/fiscalite\/","title":{"rendered":"Fiscalit\u00e9"},"content":{"rendered":"\t\t<div data-elementor-type=\"wp-page\" data-elementor-id=\"294\" class=\"elementor elementor-294\">\n\t\t\t\t<div class=\"elementor-element elementor-element-1fe77022 e-con-full e-flex wpr-particle-no wpr-jarallax-no wpr-parallax-no wpr-sticky-section-no e-con e-parent\" data-id=\"1fe77022\" data-element_type=\"container\">\n\t\t<div class=\"elementor-element elementor-element-a8ade8b e-con-full e-flex wpr-particle-no wpr-jarallax-no wpr-parallax-no wpr-sticky-section-no elementor-invisible e-con e-child\" data-id=\"a8ade8b\" data-element_type=\"container\" data-settings=\"{&quot;animation&quot;:&quot;fadeInUp&quot;}\">\n\t\t\t\t<div class=\"elementor-element elementor-element-ce7053c elementor-view-framed elementor-shape-square exad-sticky-section-no exad-glass-effect-no elementor-widget elementor-widget-icon\" data-id=\"ce7053c\" data-element_type=\"widget\" data-widget_type=\"icon.default\">\n\t\t\t\t<div class=\"elementor-widget-container\">\n\t\t\t\t\t<div class=\"elementor-icon-wrapper\">\n\t\t\t<div class=\"elementor-icon\">\n\t\t\t<i aria-hidden=\"true\" class=\"icon icon-finance-book\"><\/i>\t\t\t<\/div>\n\t\t<\/div>\n\t\t\t\t<\/div>\n\t\t\t\t<\/div>\n\t\t\t\t<div class=\"elementor-element elementor-element-54f99a7d exad-sticky-section-no exad-glass-effect-no elementor-widget elementor-widget-heading\" data-id=\"54f99a7d\" data-element_type=\"widget\" data-widget_type=\"heading.default\">\n\t\t\t\t<div class=\"elementor-widget-container\">\n\t\t\t<h2 class=\"elementor-heading-title elementor-size-default\">TVA &amp; TAX indirectes <\/h2>\t\t<\/div>\n\t\t\t\t<\/div>\n\t\t\t\t<div class=\"elementor-element elementor-element-535bdd6e exad-sticky-section-no exad-glass-effect-no elementor-widget elementor-widget-text-editor\" data-id=\"535bdd6e\" data-element_type=\"widget\" data-widget_type=\"text-editor.default\">\n\t\t\t\t<div class=\"elementor-widget-container\">\n\t\t\t\t\t\t\t<p>\u2019l\u2019\u00e9quipe intervient pour une client\u00e8le multisectorielle, dans les domaines suivants : -accompagnement sur tous les sujets de fiscalit\u00e9 indirecte -gestion des flux financiers et gestion op\u00e9rationnelle -assistance \u00e0 contr\u00f4le fiscal ou contentieux relatifs \u00e0 la TVA <br \/>Notre<\/p>\t\t\t\t\t\t<\/div>\n\t\t\t\t<\/div>\n\t\t\t\t<\/div>\n\t\t<div class=\"elementor-element elementor-element-54caafe6 e-con-full e-flex wpr-particle-no wpr-jarallax-no wpr-parallax-no wpr-sticky-section-no elementor-invisible e-con e-child\" data-id=\"54caafe6\" data-element_type=\"container\" data-settings=\"{&quot;animation&quot;:&quot;fadeInUp&quot;}\">\n\t\t\t\t<div class=\"elementor-element elementor-element-42b873c elementor-view-framed elementor-shape-square exad-sticky-section-no exad-glass-effect-no elementor-widget elementor-widget-icon\" data-id=\"42b873c\" data-element_type=\"widget\" data-widget_type=\"icon.default\">\n\t\t\t\t<div class=\"elementor-widget-container\">\n\t\t\t\t\t<div class=\"elementor-icon-wrapper\">\n\t\t\t<div class=\"elementor-icon\">\n\t\t\t<i aria-hidden=\"true\" class=\"icon icon-money-3\"><\/i>\t\t\t<\/div>\n\t\t<\/div>\n\t\t\t\t<\/div>\n\t\t\t\t<\/div>\n\t\t\t\t<div class=\"elementor-element elementor-element-4a02f3dc exad-sticky-section-no exad-glass-effect-no elementor-widget elementor-widget-heading\" data-id=\"4a02f3dc\" data-element_type=\"widget\" data-widget_type=\"heading.default\">\n\t\t\t\t<div class=\"elementor-widget-container\">\n\t\t\t<h2 class=\"elementor-heading-title elementor-size-default\">Contr\u00f4le &amp; contentieux <\/h2>\t\t<\/div>\n\t\t\t\t<\/div>\n\t\t\t\t<div class=\"elementor-element elementor-element-49c4186c exad-sticky-section-no exad-glass-effect-no elementor-widget elementor-widget-text-editor\" data-id=\"49c4186c\" data-element_type=\"widget\" data-widget_type=\"text-editor.default\">\n\t\t\t\t<div class=\"elementor-widget-container\">\n\t\t\t\t\t\t\t<p>How promotion excellent curiosity yet attempted happiness. Prosperous impression had conviction. For every delay death ask style. Me mean able my by in the contractuel ; Partage des conclusions avec les co-contractants Accompagnement \u00e0 la n\u00e9gociation si besoin<\/p>\t\t\t\t\t\t<\/div>\n\t\t\t\t<\/div>\n\t\t\t\t<\/div>\n\t\t<div class=\"elementor-element elementor-element-12e303c5 e-con-full e-flex wpr-particle-no wpr-jarallax-no wpr-parallax-no wpr-sticky-section-no elementor-invisible e-con e-child\" data-id=\"12e303c5\" data-element_type=\"container\" data-settings=\"{&quot;animation&quot;:&quot;fadeInUp&quot;}\">\n\t\t\t\t<div class=\"elementor-element elementor-element-2a23b4c5 elementor-view-framed elementor-shape-square exad-sticky-section-no exad-glass-effect-no elementor-widget elementor-widget-icon\" data-id=\"2a23b4c5\" data-element_type=\"widget\" data-widget_type=\"icon.default\">\n\t\t\t\t<div class=\"elementor-widget-container\">\n\t\t\t\t\t<div class=\"elementor-icon-wrapper\">\n\t\t\t<div class=\"elementor-icon\">\n\t\t\t<i aria-hidden=\"true\" class=\"icon icon-line\"><\/i>\t\t\t<\/div>\n\t\t<\/div>\n\t\t\t\t<\/div>\n\t\t\t\t<\/div>\n\t\t\t\t<div class=\"elementor-element elementor-element-16be57cb exad-sticky-section-no exad-glass-effect-no elementor-widget elementor-widget-heading\" data-id=\"16be57cb\" data-element_type=\"widget\" data-widget_type=\"heading.default\">\n\t\t\t\t<div class=\"elementor-widget-container\">\n\t\t\t<h2 class=\"elementor-heading-title elementor-size-default\">planification fiscale &amp; conseils fiscaux <\/h2>\t\t<\/div>\n\t\t\t\t<\/div>\n\t\t\t\t<div class=\"elementor-element elementor-element-3f66ef68 exad-sticky-section-no exad-glass-effect-no elementor-widget elementor-widget-text-editor\" data-id=\"3f66ef68\" data-element_type=\"widget\" data-widget_type=\"text-editor.default\">\n\t\t\t\t<div class=\"elementor-widget-container\">\n\t\t\t\t\t\t\t<p>Notre \u00e9quipe se sp\u00e9cialise dans la planification fiscale, que vous soyez travailleur autonome ou bien propri\u00e9taire d\u2019une entreprise. \u00c0 l\u2019aide de nos services de consultation et de nos strat\u00e9gies de planification, nous \u00e9laborons ensemble des tactiques fiscales et financi\u00e8res qui r\u00e9duisent l\u2019impact des imp\u00f4ts sur vos revenus \u00e0 la fin de votre ann\u00e9e fiscale.\u00a0<\/p>\t\t\t\t\t\t<\/div>\n\t\t\t\t<\/div>\n\t\t\t\t<\/div>\n\t\t\t\t<\/div>\n\t\t<div class=\"elementor-element elementor-element-3af16d4 e-con-full e-flex wpr-particle-no wpr-jarallax-no wpr-parallax-no wpr-sticky-section-no e-con e-parent\" data-id=\"3af16d4\" data-element_type=\"container\">\n\t\t<div class=\"elementor-element elementor-element-5c657ae e-con-full e-flex wpr-particle-no wpr-jarallax-no wpr-parallax-no wpr-sticky-section-no elementor-invisible e-con e-child\" data-id=\"5c657ae\" data-element_type=\"container\" data-settings=\"{&quot;animation&quot;:&quot;fadeInUp&quot;}\">\n\t\t\t\t<div class=\"elementor-element elementor-element-8ba0dcf elementor-view-framed elementor-shape-square exad-sticky-section-no exad-glass-effect-no elementor-widget elementor-widget-icon\" data-id=\"8ba0dcf\" data-element_type=\"widget\" data-widget_type=\"icon.default\">\n\t\t\t\t<div class=\"elementor-widget-container\">\n\t\t\t\t\t<div class=\"elementor-icon-wrapper\">\n\t\t\t<div class=\"elementor-icon\">\n\t\t\t<i aria-hidden=\"true\" class=\"icon icon-save-money\"><\/i>\t\t\t<\/div>\n\t\t<\/div>\n\t\t\t\t<\/div>\n\t\t\t\t<\/div>\n\t\t\t\t<div class=\"elementor-element elementor-element-f5eccd0 exad-sticky-section-no exad-glass-effect-no elementor-widget elementor-widget-heading\" data-id=\"f5eccd0\" data-element_type=\"widget\" data-widget_type=\"heading.default\">\n\t\t\t\t<div class=\"elementor-widget-container\">\n\t\t\t<h2 class=\"elementor-heading-title elementor-size-default\">Prix de transfert<\/h2>\t\t<\/div>\n\t\t\t\t<\/div>\n\t\t\t\t<div class=\"elementor-element elementor-element-38b65c9 exad-sticky-section-no exad-glass-effect-no elementor-widget elementor-widget-text-editor\" data-id=\"38b65c9\" data-element_type=\"widget\" data-widget_type=\"text-editor.default\">\n\t\t\t\t<div class=\"elementor-widget-container\">\n\t\t\t\t\t\t\t<p>Notre \u00e9quipe Prix de Transfert est compos\u00e9e de juristes et \u00e9conomistes sp\u00e9cialis\u00e9s dans cette mati\u00e8re. Notre champ d\u2019action regroupe les principaux th\u00e8mes suivants : L\u2019ing\u00e9nierie des politiques de prix de transfert et des op\u00e9rations de structuration des flux au sein des groupes, adapt\u00e9s \u00e0 la situation de chaque entreprise, pour les op\u00e9rations courantes comme exceptionnelles ; L\u2019analyse \u00e9conomique permettant la justification de la r\u00e9mun\u00e9ration des flux (recherches de comparables, analyse de r\u00e9partition de profit) ou le transfert intragroupe des actifs (\u00e9valuation) ; La construction documentaire, permettant la justification des politiques en fonction des r\u00e8gles fran\u00e7aises et internationales ainsi que les travaux de compliance (country-by-country reporting et documentation simplifi\u00e9e) ; La gestion des relations avec l\u2019administration dans les op\u00e9rations de contr\u00f4le fiscal ou les proc\u00e9dures internationales (proc\u00e9dures amiables ou accords pr\u00e9alables en mati\u00e8re de prix de transfert).<\/p>\t\t\t\t\t\t<\/div>\n\t\t\t\t<\/div>\n\t\t\t\t<\/div>\n\t\t<div class=\"elementor-element elementor-element-70a183c e-con-full e-flex wpr-particle-no wpr-jarallax-no wpr-parallax-no wpr-sticky-section-no elementor-invisible e-con e-child\" data-id=\"70a183c\" data-element_type=\"container\" data-settings=\"{&quot;animation&quot;:&quot;fadeInUp&quot;}\">\n\t\t\t\t<div class=\"elementor-element elementor-element-3e125b4 elementor-view-framed elementor-shape-square exad-sticky-section-no exad-glass-effect-no elementor-widget elementor-widget-icon\" data-id=\"3e125b4\" data-element_type=\"widget\" data-widget_type=\"icon.default\">\n\t\t\t\t<div class=\"elementor-widget-container\">\n\t\t\t\t\t<div class=\"elementor-icon-wrapper\">\n\t\t\t<div class=\"elementor-icon\">\n\t\t\t<svg aria-hidden=\"true\" class=\"e-font-icon-svg e-fas-money-check-alt\" viewBox=\"0 0 640 512\" xmlns=\"http:\/\/www.w3.org\/2000\/svg\"><path d=\"M608 32H32C14.33 32 0 46.33 0 64v384c0 17.67 14.33 32 32 32h576c17.67 0 32-14.33 32-32V64c0-17.67-14.33-32-32-32zM176 327.88V344c0 4.42-3.58 8-8 8h-16c-4.42 0-8-3.58-8-8v-16.29c-11.29-.58-22.27-4.52-31.37-11.35-3.9-2.93-4.1-8.77-.57-12.14l11.75-11.21c2.77-2.64 6.89-2.76 10.13-.73 3.87 2.42 8.26 3.72 12.82 3.72h28.11c6.5 0 11.8-5.92 11.8-13.19 0-5.95-3.61-11.19-8.77-12.73l-45-13.5c-18.59-5.58-31.58-23.42-31.58-43.39 0-24.52 19.05-44.44 42.67-45.07V152c0-4.42 3.58-8 8-8h16c4.42 0 8 3.58 8 8v16.29c11.29.58 22.27 4.51 31.37 11.35 3.9 2.93 4.1 8.77.57 12.14l-11.75 11.21c-2.77 2.64-6.89 2.76-10.13.73-3.87-2.43-8.26-3.72-12.82-3.72h-28.11c-6.5 0-11.8 5.92-11.8 13.19 0 5.95 3.61 11.19 8.77 12.73l45 13.5c18.59 5.58 31.58 23.42 31.58 43.39 0 24.53-19.05 44.44-42.67 45.07zM416 312c0 4.42-3.58 8-8 8H296c-4.42 0-8-3.58-8-8v-16c0-4.42 3.58-8 8-8h112c4.42 0 8 3.58 8 8v16zm160 0c0 4.42-3.58 8-8 8h-80c-4.42 0-8-3.58-8-8v-16c0-4.42 3.58-8 8-8h80c4.42 0 8 3.58 8 8v16zm0-96c0 4.42-3.58 8-8 8H296c-4.42 0-8-3.58-8-8v-16c0-4.42 3.58-8 8-8h272c4.42 0 8 3.58 8 8v16z\"><\/path><\/svg>\t\t\t<\/div>\n\t\t<\/div>\n\t\t\t\t<\/div>\n\t\t\t\t<\/div>\n\t\t\t\t<div class=\"elementor-element elementor-element-13dfe93 exad-sticky-section-no exad-glass-effect-no elementor-widget elementor-widget-heading\" data-id=\"13dfe93\" data-element_type=\"widget\" data-widget_type=\"heading.default\">\n\t\t\t\t<div class=\"elementor-widget-container\">\n\t\t\t<h2 class=\"elementor-heading-title elementor-size-default\">\nFinancement de projet et PPP<\/h2>\t\t<\/div>\n\t\t\t\t<\/div>\n\t\t\t\t<div class=\"elementor-element elementor-element-42371c9 exad-sticky-section-no exad-glass-effect-no elementor-widget elementor-widget-text-editor\" data-id=\"42371c9\" data-element_type=\"widget\" data-widget_type=\"text-editor.default\">\n\t\t\t\t<div class=\"elementor-widget-container\">\n\t\t\t\t\t\t\t<p>Nous accompagnons nos Clients dans les financements des Partenariats Publics Priv\u00e9s: Assistance pour la r\u00e9alisation du dossier de candidature; Conseil lors du dialogue comp\u00e9titif Pr\u00e9paration et r\u00e9daction des propositions financi\u00e8res du projet de Contrat de Partenariat entre la date de d\u00e9p\u00f4t du dossier de candidature et la remise de l\u2019offre finale; Analyse des aspects juridiques et financiers du projet de Contrat de Partenariat; Evaluation des diff\u00e9rentes structurations financi\u00e8res; Pr\u00e9paration des tableaux financiers; Mise au point des clauses et contrats financiers de l\u2019op\u00e9ration<\/p>\t\t\t\t\t\t<\/div>\n\t\t\t\t<\/div>\n\t\t\t\t<\/div>\n\t\t\t\t<\/div>\n\t\t<div class=\"elementor-element elementor-element-0ef3a0b e-con-full e-flex wpr-particle-no wpr-jarallax-no wpr-parallax-no wpr-sticky-section-no e-con e-parent\" data-id=\"0ef3a0b\" data-element_type=\"container\">\n\t\t<div class=\"elementor-element elementor-element-2a143d6 e-con-full e-flex wpr-particle-no wpr-jarallax-no wpr-parallax-no wpr-sticky-section-no e-con e-child\" data-id=\"2a143d6\" data-element_type=\"container\">\n\t\t\t\t<div class=\"elementor-element elementor-element-241bea3 exad-sticky-section-no exad-glass-effect-no elementor-widget elementor-widget-heading\" data-id=\"241bea3\" data-element_type=\"widget\" data-widget_type=\"heading.default\">\n\t\t\t\t<div class=\"elementor-widget-container\">\n\t\t\t<h2 class=\"elementor-heading-title elementor-size-default\">Avez-vous besoin d'une assistance personnalis\u00e9e ?<\/h2>\t\t<\/div>\n\t\t\t\t<\/div>\n\t\t\t\t<div class=\"elementor-element elementor-element-939b033 elementor-align-center exad-sticky-section-no exad-glass-effect-no elementor-widget elementor-widget-button\" data-id=\"939b033\" data-element_type=\"widget\" data-widget_type=\"button.default\">\n\t\t\t\t<div class=\"elementor-widget-container\">\n\t\t\t\t\t<div class=\"elementor-button-wrapper\">\n\t\t\t<a class=\"elementor-button elementor-size-sm\" role=\"button\">\n\t\t\t\t\t\t<span class=\"elementor-button-content-wrapper\">\n\t\t\t\t\t\t<span class=\"elementor-button-icon\">\n\t\t\t\t<svg aria-hidden=\"true\" class=\"e-font-icon-svg e-far-calendar-check\" viewBox=\"0 0 448 512\" xmlns=\"http:\/\/www.w3.org\/2000\/svg\"><path d=\"M400 64h-48V12c0-6.627-5.373-12-12-12h-40c-6.627 0-12 5.373-12 12v52H160V12c0-6.627-5.373-12-12-12h-40c-6.627 0-12 5.373-12 12v52H48C21.49 64 0 85.49 0 112v352c0 26.51 21.49 48 48 48h352c26.51 0 48-21.49 48-48V112c0-26.51-21.49-48-48-48zm-6 400H54a6 6 0 0 1-6-6V160h352v298a6 6 0 0 1-6 6zm-52.849-200.65L198.842 404.519c-4.705 4.667-12.303 4.637-16.971-.068l-75.091-75.699c-4.667-4.705-4.637-12.303.068-16.971l22.719-22.536c4.705-4.667 12.303-4.637 16.97.069l44.104 44.461 111.072-110.181c4.705-4.667 12.303-4.637 16.971.068l22.536 22.718c4.667 4.705 4.636 12.303-.069 16.97z\"><\/path><\/svg>\t\t\t<\/span>\n\t\t\t\t\t\t\t\t\t<span class=\"elementor-button-text\">Ecrivez-nous ici <\/span>\n\t\t\t\t\t<\/span>\n\t\t\t\t\t<\/a>\n\t\t<\/div>\n\t\t\t\t<\/div>\n\t\t\t\t<\/div>\n\t\t\t\t<\/div>\n\t\t\t\t<\/div>\n\t\t\t\t<\/div>\n\t\t","protected":false},"excerpt":{"rendered":"<p>TVA &amp; TAX indirectes \u2019l\u2019\u00e9quipe intervient pour une client\u00e8le multisectorielle, dans les domaines suivants : -accompagnement sur tous les sujets de fiscalit\u00e9 indirecte -gestion des flux financiers et gestion op\u00e9rationnelle -assistance \u00e0 contr\u00f4le fiscal ou contentieux relatifs \u00e0 la TVA Notre Contr\u00f4le &amp; contentieux How promotion excellent curiosity yet attempted happiness. Prosperous impression had conviction. For every delay death ask style. Me mean able my by in the contractuel ; Partage des conclusions avec les co-contractants Accompagnement \u00e0 la n\u00e9gociation si besoin planification fiscale &amp; conseils fiscaux Notre \u00e9quipe se sp\u00e9cialise dans la planification fiscale, que vous soyez travailleur autonome ou bien propri\u00e9taire d\u2019une entreprise. \u00c0 l\u2019aide de nos services de consultation et de nos strat\u00e9gies de planification, nous \u00e9laborons ensemble des tactiques fiscales et financi\u00e8res qui r\u00e9duisent l\u2019impact des imp\u00f4ts sur vos revenus \u00e0 la fin de votre ann\u00e9e fiscale.\u00a0 Prix de transfert Notre \u00e9quipe Prix de Transfert est compos\u00e9e de juristes et \u00e9conomistes sp\u00e9cialis\u00e9s dans cette mati\u00e8re. Notre champ d\u2019action regroupe les principaux th\u00e8mes suivants : L\u2019ing\u00e9nierie des politiques de prix de transfert et des op\u00e9rations de structuration des flux au sein des groupes, adapt\u00e9s \u00e0 la situation de chaque entreprise, pour les op\u00e9rations courantes comme exceptionnelles ; L\u2019analyse \u00e9conomique permettant la justification de la r\u00e9mun\u00e9ration des flux (recherches de comparables, analyse de r\u00e9partition de profit) ou le transfert intragroupe des actifs (\u00e9valuation) ; La construction documentaire, permettant la justification des politiques en fonction des r\u00e8gles fran\u00e7aises et internationales ainsi que les travaux de compliance (country-by-country reporting et documentation simplifi\u00e9e) ; La gestion des relations avec l\u2019administration dans les op\u00e9rations de contr\u00f4le fiscal ou les proc\u00e9dures internationales (proc\u00e9dures amiables ou accords pr\u00e9alables en mati\u00e8re de prix de transfert). Financement de projet et PPP Nous accompagnons nos Clients dans les financements des Partenariats Publics Priv\u00e9s: Assistance pour la r\u00e9alisation du dossier de candidature; Conseil lors du dialogue comp\u00e9titif Pr\u00e9paration et r\u00e9daction des propositions financi\u00e8res du projet de Contrat de Partenariat entre la date de d\u00e9p\u00f4t du dossier de candidature et la remise de l\u2019offre finale; Analyse des aspects juridiques et financiers du projet de Contrat de Partenariat; Evaluation des diff\u00e9rentes structurations financi\u00e8res; Pr\u00e9paration des tableaux financiers; Mise au point des clauses et contrats financiers de l\u2019op\u00e9ration Avez-vous besoin d&rsquo;une assistance personnalis\u00e9e ? Ecrivez-nous ici<\/p>\n","protected":false},"author":1,"featured_media":0,"parent":0,"menu_order":0,"comment_status":"closed","ping_status":"closed","template":"","meta":{"site-sidebar-layout":"no-sidebar","site-content-layout":"","ast-site-content-layout":"full-width-container","site-content-style":"default","site-sidebar-style":"default","ast-global-header-display":"","ast-banner-title-visibility":"","ast-main-header-display":"","ast-hfb-above-header-display":"","ast-hfb-below-header-display":"","ast-hfb-mobile-header-display":"","site-post-title":"disabled","ast-breadcrumbs-content":"","ast-featured-img":"disabled","footer-sml-layout":"","theme-transparent-header-meta":"","adv-header-id-meta":"","stick-header-meta":"","header-above-stick-meta":"","header-main-stick-meta":"","header-below-stick-meta":"","astra-migrate-meta-layouts":"default","ast-page-background-enabled":"default","ast-page-background-meta":{"desktop":{"background-color":"var(--ast-global-color-4)","background-image":"","background-repeat":"repeat","background-position":"center center","background-size":"auto","background-attachment":"scroll","background-type":"","background-media":"","overlay-type":"","overlay-color":"","overlay-opacity":"","overlay-gradient":""},"tablet":{"background-color":"","background-image":"","background-repeat":"repeat","background-position":"center center","background-size":"auto","background-attachment":"scroll","background-type":"","background-media":"","overlay-type":"","overlay-color":"","overlay-opacity":"","overlay-gradient":""},"mobile":{"background-color":"","background-image":"","background-repeat":"repeat","background-position":"center center","background-size":"auto","background-attachment":"scroll","background-type":"","background-media":"","overlay-type":"","overlay-color":"","overlay-opacity":"","overlay-gradient":""}},"ast-content-background-meta":{"desktop":{"background-color":"var(--ast-global-color-5)","background-image":"","background-repeat":"repeat","background-position":"center center","background-size":"auto","background-attachment":"scroll","background-type":"","background-media":"","overlay-type":"","overlay-color":"","overlay-opacity":"","overlay-gradient":""},"tablet":{"background-color":"var(--ast-global-color-5)","background-image":"","background-repeat":"repeat","background-position":"center center","background-size":"auto","background-attachment":"scroll","background-type":"","background-media":"","overlay-type":"","overlay-color":"","overlay-opacity":"","overlay-gradient":""},"mobile":{"background-color":"var(--ast-global-color-5)","background-image":"","background-repeat":"repeat","background-position":"center center","background-size":"auto","background-attachment":"scroll","background-type":"","background-media":"","overlay-type":"","overlay-color":"","overlay-opacity":"","overlay-gradient":""}},"footnotes":""},"class_list":["post-294","page","type-page","status-publish","hentry"],"rttpg_featured_image_url":null,"rttpg_author":{"display_name":"TIECOURA","author_link":"https:\/\/cabinetieu-associe.com\/index.php\/author\/tiecoura\/"},"rttpg_comment":0,"rttpg_category":null,"rttpg_excerpt":"TVA &amp; TAX indirectes \u2019l\u2019\u00e9quipe intervient pour une client\u00e8le multisectorielle, dans les domaines suivants : -accompagnement sur tous les sujets de fiscalit\u00e9 indirecte -gestion des flux financiers et gestion op\u00e9rationnelle -assistance \u00e0 contr\u00f4le fiscal ou contentieux relatifs \u00e0 la TVA Notre Contr\u00f4le &amp; contentieux How promotion excellent curiosity yet attempted happiness. Prosperous impression had conviction.\u2026","_links":{"self":[{"href":"https:\/\/cabinetieu-associe.com\/index.php\/wp-json\/wp\/v2\/pages\/294","targetHints":{"allow":["GET"]}}],"collection":[{"href":"https:\/\/cabinetieu-associe.com\/index.php\/wp-json\/wp\/v2\/pages"}],"about":[{"href":"https:\/\/cabinetieu-associe.com\/index.php\/wp-json\/wp\/v2\/types\/page"}],"author":[{"embeddable":true,"href":"https:\/\/cabinetieu-associe.com\/index.php\/wp-json\/wp\/v2\/users\/1"}],"replies":[{"embeddable":true,"href":"https:\/\/cabinetieu-associe.com\/index.php\/wp-json\/wp\/v2\/comments?post=294"}],"version-history":[{"count":40,"href":"https:\/\/cabinetieu-associe.com\/index.php\/wp-json\/wp\/v2\/pages\/294\/revisions"}],"predecessor-version":[{"id":673,"href":"https:\/\/cabinetieu-associe.com\/index.php\/wp-json\/wp\/v2\/pages\/294\/revisions\/673"}],"wp:attachment":[{"href":"https:\/\/cabinetieu-associe.com\/index.php\/wp-json\/wp\/v2\/media?parent=294"}],"curies":[{"name":"wp","href":"https:\/\/api.w.org\/{rel}","templated":true}]}}