{"id":292,"date":"2024-11-18T10:09:51","date_gmt":"2024-11-18T09:09:51","guid":{"rendered":"http:\/\/cabinetieu-associe.com\/?page_id=292"},"modified":"2025-01-20T14:29:03","modified_gmt":"2025-01-20T13:29:03","slug":"droit-des-affaires","status":"publish","type":"page","link":"https:\/\/cabinetieu-associe.com\/index.php\/droit-des-affaires\/","title":{"rendered":"Droit des affaires"},"content":{"rendered":"\t\t<div data-elementor-type=\"wp-page\" data-elementor-id=\"292\" class=\"elementor elementor-292\">\n\t\t\t\t<div class=\"elementor-element elementor-element-9dec991 e-con-full e-flex wpr-particle-no wpr-jarallax-no wpr-parallax-no wpr-sticky-section-no e-con e-parent\" data-id=\"9dec991\" data-element_type=\"container\">\n\t\t<div class=\"elementor-element elementor-element-3732275 e-con-full e-flex wpr-particle-no wpr-jarallax-no wpr-parallax-no wpr-sticky-section-no elementor-invisible e-con e-child\" data-id=\"3732275\" data-element_type=\"container\" data-settings=\"{&quot;animation&quot;:&quot;fadeInUp&quot;}\">\n\t\t\t\t<div class=\"elementor-element elementor-element-6bb2e1d elementor-view-framed elementor-shape-square exad-sticky-section-no exad-glass-effect-no elementor-widget elementor-widget-icon\" data-id=\"6bb2e1d\" data-element_type=\"widget\" data-widget_type=\"icon.default\">\n\t\t\t\t<div class=\"elementor-widget-container\">\n\t\t\t\t\t<div class=\"elementor-icon-wrapper\">\n\t\t\t<div class=\"elementor-icon\">\n\t\t\t<i aria-hidden=\"true\" class=\"teenyicon ti-align-bottom\"><\/i>\t\t\t<\/div>\n\t\t<\/div>\n\t\t\t\t<\/div>\n\t\t\t\t<\/div>\n\t\t\t\t<div class=\"elementor-element elementor-element-55c10bc exad-sticky-section-no exad-glass-effect-no elementor-widget elementor-widget-heading\" data-id=\"55c10bc\" data-element_type=\"widget\" data-widget_type=\"heading.default\">\n\t\t\t\t<div class=\"elementor-widget-container\">\n\t\t\t<h2 class=\"elementor-heading-title elementor-size-default\">Cr\u00e9ation de soci\u00e9t\u00e9 &amp; secr\u00e9tariat juridique<\/h2>\t\t<\/div>\n\t\t\t\t<\/div>\n\t\t\t\t<div class=\"elementor-element elementor-element-4ae75be exad-sticky-section-no exad-glass-effect-no elementor-widget elementor-widget-text-editor\" data-id=\"4ae75be\" data-element_type=\"widget\" data-widget_type=\"text-editor.default\">\n\t\t\t\t<div class=\"elementor-widget-container\">\n\t\t\t\t\t\t\t<p>Nous vous conseillons sur le choix de la forme juridique adapt\u00e9e \u00e0 votre projet et nous vous accompagnons dans la r\u00e9daction de vos actes constitutifs et dans l\u2019obtention de vos documents administratifs et l\u00e9gaux. Nous effectuons les d\u00e9marches et r\u00e9digeons les actes n\u00e9cessaires \u00e0 la vie de votre soci\u00e9t\u00e9 (tenue des assembl\u00e9es g\u00e9n\u00e9rales, transfert du si\u00e8ge social, fermeture d\u2019un \u00e9tablissement, nomination et changement des dirigeants, d\u00e9p\u00f4t des comptes annuels ou cession de titres&#8230;)<\/p>\t\t\t\t\t\t<\/div>\n\t\t\t\t<\/div>\n\t\t\t\t<\/div>\n\t\t<div class=\"elementor-element elementor-element-8c8a90c e-con-full e-flex wpr-particle-no wpr-jarallax-no wpr-parallax-no wpr-sticky-section-no elementor-invisible e-con e-child\" data-id=\"8c8a90c\" data-element_type=\"container\" data-settings=\"{&quot;animation&quot;:&quot;fadeInUp&quot;}\">\n\t\t\t\t<div class=\"elementor-element elementor-element-3b4d6b8 elementor-view-framed elementor-shape-square exad-sticky-section-no exad-glass-effect-no elementor-widget elementor-widget-icon\" data-id=\"3b4d6b8\" data-element_type=\"widget\" data-widget_type=\"icon.default\">\n\t\t\t\t<div class=\"elementor-widget-container\">\n\t\t\t\t\t<div class=\"elementor-icon-wrapper\">\n\t\t\t<div class=\"elementor-icon\">\n\t\t\t<i aria-hidden=\"true\" class=\"icon icon-edit1\"><\/i>\t\t\t<\/div>\n\t\t<\/div>\n\t\t\t\t<\/div>\n\t\t\t\t<\/div>\n\t\t\t\t<div class=\"elementor-element elementor-element-20c2431 exad-sticky-section-no exad-glass-effect-no elementor-widget elementor-widget-heading\" data-id=\"20c2431\" data-element_type=\"widget\" data-widget_type=\"heading.default\">\n\t\t\t\t<div class=\"elementor-widget-container\">\n\t\t\t<h2 class=\"elementor-heading-title elementor-size-default\">R\u00e9daction  et audit des contrats d'affaire<\/h2>\t\t<\/div>\n\t\t\t\t<\/div>\n\t\t\t\t<div class=\"elementor-element elementor-element-61d0131 exad-sticky-section-no exad-glass-effect-no elementor-widget elementor-widget-text-editor\" data-id=\"61d0131\" data-element_type=\"widget\" data-widget_type=\"text-editor.default\">\n\t\t\t\t<div class=\"elementor-widget-container\">\n\t\t\t\t\t\t\t<p>R\u00e9daction ou analyse du dispositif technique, juridique et financier initial R\u00e9daction ou analyse des avenants, Projection des trajectoires entre contractuel ; Partage des conclusions avec les co-contractants Accompagnement \u00e0 la n\u00e9gociation si besoin<\/p>\t\t\t\t\t\t<\/div>\n\t\t\t\t<\/div>\n\t\t\t\t<\/div>\n\t\t\t\t<\/div>\n\t\t<div class=\"elementor-element elementor-element-6711b7e e-con-full e-flex wpr-particle-no wpr-jarallax-no wpr-parallax-no wpr-sticky-section-no e-con e-parent\" data-id=\"6711b7e\" data-element_type=\"container\">\n\t\t<div class=\"elementor-element elementor-element-dca3725 e-con-full e-flex wpr-particle-no wpr-jarallax-no wpr-parallax-no wpr-sticky-section-no elementor-invisible e-con e-child\" data-id=\"dca3725\" data-element_type=\"container\" data-settings=\"{&quot;animation&quot;:&quot;fadeInUp&quot;}\">\n\t\t\t\t<div class=\"elementor-element elementor-element-cc8f9b1 elementor-view-framed elementor-shape-square exad-sticky-section-no exad-glass-effect-no elementor-widget elementor-widget-icon\" data-id=\"cc8f9b1\" data-element_type=\"widget\" data-widget_type=\"icon.default\">\n\t\t\t\t<div class=\"elementor-widget-container\">\n\t\t\t\t\t<div class=\"elementor-icon-wrapper\">\n\t\t\t<div class=\"elementor-icon\">\n\t\t\t<i aria-hidden=\"true\" class=\"icon icon-chart2\"><\/i>\t\t\t<\/div>\n\t\t<\/div>\n\t\t\t\t<\/div>\n\t\t\t\t<\/div>\n\t\t\t\t<div class=\"elementor-element elementor-element-d384b81 exad-sticky-section-no exad-glass-effect-no elementor-widget elementor-widget-heading\" data-id=\"d384b81\" data-element_type=\"widget\" data-widget_type=\"heading.default\">\n\t\t\t\t<div class=\"elementor-widget-container\">\n\t\t\t<h2 class=\"elementor-heading-title elementor-size-default\">Conseil fusion &amp; Acquisition et op\u00e9ration de restauration <\/h2>\t\t<\/div>\n\t\t\t\t<\/div>\n\t\t\t\t<div class=\"elementor-element elementor-element-4b781bf exad-sticky-section-no exad-glass-effect-no elementor-widget elementor-widget-text-editor\" data-id=\"4b781bf\" data-element_type=\"widget\" data-widget_type=\"text-editor.default\">\n\t\t\t\t<div class=\"elementor-widget-container\">\n\t\t\t\t\t\t\t<p>Le cabinet accompagne ainsi entreprises et dirigeants dans ses op\u00e9rations de restructuration (fusion, scission, apports partiels d\u2019actifs) ou de croissance (op\u00e9rations de LBO, aux c\u00f4t\u00e9s des fondateurs, de managers ou d\u2019investisseurs). Au plan financier, nous intervenons en amont des op\u00e9rations en r\u00e9alisant des audits et revues juridiques et fiscales pr\u00e9alables. Nos juristes sp\u00e9cialistes du droit des soci\u00e9t\u00e9s int\u00e8grent tous les \u00e9l\u00e9ments essentiels du projet tel que la revue du business plan, l\u2019analyse de la rentabilit\u00e9, l\u2019analyse de la viabilit\u00e9 et enfin une \u00e9valuation des risques. La prise en compte de ces \u00e9l\u00e9ments offre au client un cadre coh\u00e9rent et s\u00e9curisant.<\/p>\t\t\t\t\t\t<\/div>\n\t\t\t\t<\/div>\n\t\t\t\t<\/div>\n\t\t<div class=\"elementor-element elementor-element-4a2d45e e-con-full e-flex wpr-particle-no wpr-jarallax-no wpr-parallax-no wpr-sticky-section-no elementor-invisible e-con e-child\" data-id=\"4a2d45e\" data-element_type=\"container\" data-settings=\"{&quot;animation&quot;:&quot;fadeInUp&quot;}\">\n\t\t\t\t<div class=\"elementor-element elementor-element-077eb17 elementor-view-framed elementor-shape-square exad-sticky-section-no exad-glass-effect-no elementor-widget elementor-widget-icon\" data-id=\"077eb17\" data-element_type=\"widget\" data-widget_type=\"icon.default\">\n\t\t\t\t<div class=\"elementor-widget-container\">\n\t\t\t\t\t<div class=\"elementor-icon-wrapper\">\n\t\t\t<div class=\"elementor-icon\">\n\t\t\t<i aria-hidden=\"true\" class=\"icon icon-bank\"><\/i>\t\t\t<\/div>\n\t\t<\/div>\n\t\t\t\t<\/div>\n\t\t\t\t<\/div>\n\t\t\t\t<div class=\"elementor-element elementor-element-afb3571 exad-sticky-section-no exad-glass-effect-no elementor-widget elementor-widget-heading\" data-id=\"afb3571\" data-element_type=\"widget\" data-widget_type=\"heading.default\">\n\t\t\t\t<div class=\"elementor-widget-container\">\n\t\t\t<h2 class=\"elementor-heading-title elementor-size-default\">Conseil en droit des propri\u00e9t\u00e9s intellectuelles<\/h2>\t\t<\/div>\n\t\t\t\t<\/div>\n\t\t\t\t<div class=\"elementor-element elementor-element-84b11d1 exad-sticky-section-no exad-glass-effect-no elementor-widget elementor-widget-text-editor\" data-id=\"84b11d1\" data-element_type=\"widget\" data-widget_type=\"text-editor.default\">\n\t\t\t\t<div class=\"elementor-widget-container\">\n\t\t\t\t\t\t\t<p>Nous intervenons \u00e0 toutes les \u00e9tapes de la protection de la Propri\u00e9t\u00e9 Intellectuelle, en d\u00e9posant des brevets et des marques, en \u00e9laborant des strat\u00e9gies de Propri\u00e9t\u00e9 Industrielle, en \u00e9mettant des Opinions Juridiques sur la brevetabilit\u00e9 ou la libert\u00e9 d\u2019exploitation et en \u00e9valuant financi\u00e8rement la valeur de portefeuilles d\u2019actifs de Propri\u00e9t\u00e9 Intellectuelle.<\/p>\t\t\t\t\t\t<\/div>\n\t\t\t\t<\/div>\n\t\t\t\t<\/div>\n\t\t\t\t<\/div>\n\t\t<div class=\"elementor-element elementor-element-0f787d3 e-con-full e-flex wpr-particle-no wpr-jarallax-no wpr-parallax-no wpr-sticky-section-no e-con e-parent\" data-id=\"0f787d3\" data-element_type=\"container\">\n\t\t<div class=\"elementor-element elementor-element-531b7e5 e-con-full e-flex wpr-particle-no wpr-jarallax-no wpr-parallax-no wpr-sticky-section-no elementor-invisible e-con e-child\" data-id=\"531b7e5\" data-element_type=\"container\" data-settings=\"{&quot;animation&quot;:&quot;fadeInUp&quot;}\">\n\t\t\t\t<div class=\"elementor-element elementor-element-5f501c8 elementor-view-framed elementor-shape-square exad-sticky-section-no exad-glass-effect-no elementor-widget elementor-widget-icon\" data-id=\"5f501c8\" data-element_type=\"widget\" data-widget_type=\"icon.default\">\n\t\t\t\t<div class=\"elementor-widget-container\">\n\t\t\t\t\t<div class=\"elementor-icon-wrapper\">\n\t\t\t<div class=\"elementor-icon\">\n\t\t\t<i aria-hidden=\"true\" class=\"icon icon-justice-1\"><\/i>\t\t\t<\/div>\n\t\t<\/div>\n\t\t\t\t<\/div>\n\t\t\t\t<\/div>\n\t\t\t\t<div class=\"elementor-element elementor-element-53452eb exad-sticky-section-no exad-glass-effect-no elementor-widget elementor-widget-heading\" data-id=\"53452eb\" data-element_type=\"widget\" data-widget_type=\"heading.default\">\n\t\t\t\t<div class=\"elementor-widget-container\">\n\t\t\t<h2 class=\"elementor-heading-title elementor-size-default\">Droit du travail &amp; ressources humaines<\/h2>\t\t<\/div>\n\t\t\t\t<\/div>\n\t\t\t\t<div class=\"elementor-element elementor-element-d9157da exad-sticky-section-no exad-glass-effect-no elementor-widget elementor-widget-text-editor\" data-id=\"d9157da\" data-element_type=\"widget\" data-widget_type=\"text-editor.default\">\n\t\t\t\t<div class=\"elementor-widget-container\">\n\t\t\t\t\t\t\t<p>Notre \u00e9quipe couvre l\u2019ensemble des facettes du droit du travail, aussi bien dans le domaine du conseil que dans la gestion du contentieux. En \u00e9troite collaboration avec les autres d\u00e9partements du cabinet, l\u2019\u00e9quipe en droit social assiste et conseille ses clients dans tous les domaines du droit du travail et de la protection sociale : r\u00e9daction de contrat de travail, n\u00e9gociations collectives et individuelles, restructuration et plans de sauvegarde de l\u2019emploi, licenciements, d\u00e9parts et mises \u00e0 la retraite, d\u00e9parts n\u00e9goci\u00e9s et transactions, mobilit\u00e9 internationale, d\u00e9tachement et expatriation, am\u00e9nagement du temps de travail, statut et responsabilit\u00e9 des dirigeants, s\u00e9curit\u00e9 sociale, accidents du travail et maladies professionnelles, nouvelles technologies et charte \u00e9thique. Nos experts en RH s\u2019occupent de la gestion de la paie de vos travailleurs.<\/p>\t\t\t\t\t\t<\/div>\n\t\t\t\t<\/div>\n\t\t\t\t<\/div>\n\t\t\t\t<\/div>\n\t\t<div class=\"elementor-element elementor-element-b5918bc e-con-full e-flex wpr-particle-no wpr-jarallax-no wpr-parallax-no wpr-sticky-section-no e-con e-parent\" data-id=\"b5918bc\" data-element_type=\"container\">\n\t\t\t\t<div class=\"elementor-element elementor-element-b1c65b0 exad-sticky-section-no exad-glass-effect-no elementor-widget elementor-widget-heading\" data-id=\"b1c65b0\" data-element_type=\"widget\" data-widget_type=\"heading.default\">\n\t\t\t\t<div class=\"elementor-widget-container\">\n\t\t\t<h2 class=\"elementor-heading-title elementor-size-default\">Avez-vous besoin d'une assistance personnalis\u00e9e ?<\/h2>\t\t<\/div>\n\t\t\t\t<\/div>\n\t\t\t\t<div class=\"elementor-element elementor-element-19ec998 elementor-align-center exad-sticky-section-no exad-glass-effect-no elementor-widget elementor-widget-button\" data-id=\"19ec998\" data-element_type=\"widget\" data-widget_type=\"button.default\">\n\t\t\t\t<div class=\"elementor-widget-container\">\n\t\t\t\t\t<div class=\"elementor-button-wrapper\">\n\t\t\t<a class=\"elementor-button elementor-size-sm\" role=\"button\">\n\t\t\t\t\t\t<span class=\"elementor-button-content-wrapper\">\n\t\t\t\t\t\t<span class=\"elementor-button-icon\">\n\t\t\t\t<svg aria-hidden=\"true\" class=\"e-font-icon-svg e-far-calendar-check\" viewBox=\"0 0 448 512\" xmlns=\"http:\/\/www.w3.org\/2000\/svg\"><path d=\"M400 64h-48V12c0-6.627-5.373-12-12-12h-40c-6.627 0-12 5.373-12 12v52H160V12c0-6.627-5.373-12-12-12h-40c-6.627 0-12 5.373-12 12v52H48C21.49 64 0 85.49 0 112v352c0 26.51 21.49 48 48 48h352c26.51 0 48-21.49 48-48V112c0-26.51-21.49-48-48-48zm-6 400H54a6 6 0 0 1-6-6V160h352v298a6 6 0 0 1-6 6zm-52.849-200.65L198.842 404.519c-4.705 4.667-12.303 4.637-16.971-.068l-75.091-75.699c-4.667-4.705-4.637-12.303.068-16.971l22.719-22.536c4.705-4.667 12.303-4.637 16.97.069l44.104 44.461 111.072-110.181c4.705-4.667 12.303-4.637 16.971.068l22.536 22.718c4.667 4.705 4.636 12.303-.069 16.97z\"><\/path><\/svg>\t\t\t<\/span>\n\t\t\t\t\t\t\t\t\t<span class=\"elementor-button-text\">Ecrivez-nous ici <\/span>\n\t\t\t\t\t<\/span>\n\t\t\t\t\t<\/a>\n\t\t<\/div>\n\t\t\t\t<\/div>\n\t\t\t\t<\/div>\n\t\t\t\t<\/div>\n\t\t\t\t<\/div>\n\t\t","protected":false},"excerpt":{"rendered":"<p>Cr\u00e9ation de soci\u00e9t\u00e9 &amp; secr\u00e9tariat juridique Nous vous conseillons sur le choix de la forme juridique adapt\u00e9e \u00e0 votre projet et nous vous accompagnons dans la r\u00e9daction de vos actes constitutifs et dans l\u2019obtention de vos documents administratifs et l\u00e9gaux. Nous effectuons les d\u00e9marches et r\u00e9digeons les actes n\u00e9cessaires \u00e0 la vie de votre soci\u00e9t\u00e9 (tenue des assembl\u00e9es g\u00e9n\u00e9rales, transfert du si\u00e8ge social, fermeture d\u2019un \u00e9tablissement, nomination et changement des dirigeants, d\u00e9p\u00f4t des comptes annuels ou cession de titres&#8230;) R\u00e9daction et audit des contrats d&rsquo;affaire R\u00e9daction ou analyse du dispositif technique, juridique et financier initial R\u00e9daction ou analyse des avenants, Projection des trajectoires entre contractuel ; Partage des conclusions avec les co-contractants Accompagnement \u00e0 la n\u00e9gociation si besoin Conseil fusion &amp; Acquisition et op\u00e9ration de restauration Le cabinet accompagne ainsi entreprises et dirigeants dans ses op\u00e9rations de restructuration (fusion, scission, apports partiels d\u2019actifs) ou de croissance (op\u00e9rations de LBO, aux c\u00f4t\u00e9s des fondateurs, de managers ou d\u2019investisseurs). Au plan financier, nous intervenons en amont des op\u00e9rations en r\u00e9alisant des audits et revues juridiques et fiscales pr\u00e9alables. Nos juristes sp\u00e9cialistes du droit des soci\u00e9t\u00e9s int\u00e8grent tous les \u00e9l\u00e9ments essentiels du projet tel que la revue du business plan, l\u2019analyse de la rentabilit\u00e9, l\u2019analyse de la viabilit\u00e9 et enfin une \u00e9valuation des risques. La prise en compte de ces \u00e9l\u00e9ments offre au client un cadre coh\u00e9rent et s\u00e9curisant. Conseil en droit des propri\u00e9t\u00e9s intellectuelles Nous intervenons \u00e0 toutes les \u00e9tapes de la protection de la Propri\u00e9t\u00e9 Intellectuelle, en d\u00e9posant des brevets et des marques, en \u00e9laborant des strat\u00e9gies de Propri\u00e9t\u00e9 Industrielle, en \u00e9mettant des Opinions Juridiques sur la brevetabilit\u00e9 ou la libert\u00e9 d\u2019exploitation et en \u00e9valuant financi\u00e8rement la valeur de portefeuilles d\u2019actifs de Propri\u00e9t\u00e9 Intellectuelle. Droit du travail &amp; ressources humaines Notre \u00e9quipe couvre l\u2019ensemble des facettes du droit du travail, aussi bien dans le domaine du conseil que dans la gestion du contentieux. En \u00e9troite collaboration avec les autres d\u00e9partements du cabinet, l\u2019\u00e9quipe en droit social assiste et conseille ses clients dans tous les domaines du droit du travail et de la protection sociale : r\u00e9daction de contrat de travail, n\u00e9gociations collectives et individuelles, restructuration et plans de sauvegarde de l\u2019emploi, licenciements, d\u00e9parts et mises \u00e0 la retraite, d\u00e9parts n\u00e9goci\u00e9s et transactions, mobilit\u00e9 internationale, d\u00e9tachement et expatriation, am\u00e9nagement du temps de travail, statut et responsabilit\u00e9 des dirigeants, s\u00e9curit\u00e9 sociale, accidents du travail et maladies professionnelles, nouvelles technologies et charte \u00e9thique. Nos experts en RH s\u2019occupent de la gestion de la paie de vos travailleurs. Avez-vous besoin d&rsquo;une assistance personnalis\u00e9e ? Ecrivez-nous ici<\/p>\n","protected":false},"author":1,"featured_media":0,"parent":0,"menu_order":0,"comment_status":"closed","ping_status":"closed","template":"","meta":{"site-sidebar-layout":"no-sidebar","site-content-layout":"","ast-site-content-layout":"full-width-container","site-content-style":"default","site-sidebar-style":"default","ast-global-header-display":"","ast-banner-title-visibility":"","ast-main-header-display":"","ast-hfb-above-header-display":"","ast-hfb-below-header-display":"","ast-hfb-mobile-header-display":"","site-post-title":"disabled","ast-breadcrumbs-content":"","ast-featured-img":"disabled","footer-sml-layout":"","theme-transparent-header-meta":"","adv-header-id-meta":"","stick-header-meta":"","header-above-stick-meta":"","header-main-stick-meta":"","header-below-stick-meta":"","astra-migrate-meta-layouts":"default","ast-page-background-enabled":"default","ast-page-background-meta":{"desktop":{"background-color":"var(--ast-global-color-4)","background-image":"","background-repeat":"repeat","background-position":"center center","background-size":"auto","background-attachment":"scroll","background-type":"","background-media":"","overlay-type":"","overlay-color":"","overlay-opacity":"","overlay-gradient":""},"tablet":{"background-color":"","background-image":"","background-repeat":"repeat","background-position":"center center","background-size":"auto","background-attachment":"scroll","background-type":"","background-media":"","overlay-type":"","overlay-color":"","overlay-opacity":"","overlay-gradient":""},"mobile":{"background-color":"","background-image":"","background-repeat":"repeat","background-position":"center center","background-size":"auto","background-attachment":"scroll","background-type":"","background-media":"","overlay-type":"","overlay-color":"","overlay-opacity":"","overlay-gradient":""}},"ast-content-background-meta":{"desktop":{"background-color":"var(--ast-global-color-5)","background-image":"","background-repeat":"repeat","background-position":"center center","background-size":"auto","background-attachment":"scroll","background-type":"","background-media":"","overlay-type":"","overlay-color":"","overlay-opacity":"","overlay-gradient":""},"tablet":{"background-color":"var(--ast-global-color-5)","background-image":"","background-repeat":"repeat","background-position":"center center","background-size":"auto","background-attachment":"scroll","background-type":"","background-media":"","overlay-type":"","overlay-color":"","overlay-opacity":"","overlay-gradient":""},"mobile":{"background-color":"var(--ast-global-color-5)","background-image":"","background-repeat":"repeat","background-position":"center center","background-size":"auto","background-attachment":"scroll","background-type":"","background-media":"","overlay-type":"","overlay-color":"","overlay-opacity":"","overlay-gradient":""}},"footnotes":""},"class_list":["post-292","page","type-page","status-publish","hentry"],"rttpg_featured_image_url":null,"rttpg_author":{"display_name":"TIECOURA","author_link":"https:\/\/cabinetieu-associe.com\/index.php\/author\/tiecoura\/"},"rttpg_comment":0,"rttpg_category":null,"rttpg_excerpt":"Cr\u00e9ation de soci\u00e9t\u00e9 &amp; secr\u00e9tariat juridique Nous vous conseillons sur le choix de la forme juridique adapt\u00e9e \u00e0 votre projet et nous vous accompagnons dans la r\u00e9daction de vos actes constitutifs et dans l\u2019obtention de vos documents administratifs et l\u00e9gaux. Nous effectuons les d\u00e9marches et r\u00e9digeons les actes n\u00e9cessaires \u00e0 la vie de votre soci\u00e9t\u00e9\u2026","_links":{"self":[{"href":"https:\/\/cabinetieu-associe.com\/index.php\/wp-json\/wp\/v2\/pages\/292","targetHints":{"allow":["GET"]}}],"collection":[{"href":"https:\/\/cabinetieu-associe.com\/index.php\/wp-json\/wp\/v2\/pages"}],"about":[{"href":"https:\/\/cabinetieu-associe.com\/index.php\/wp-json\/wp\/v2\/types\/page"}],"author":[{"embeddable":true,"href":"https:\/\/cabinetieu-associe.com\/index.php\/wp-json\/wp\/v2\/users\/1"}],"replies":[{"embeddable":true,"href":"https:\/\/cabinetieu-associe.com\/index.php\/wp-json\/wp\/v2\/comments?post=292"}],"version-history":[{"count":61,"href":"https:\/\/cabinetieu-associe.com\/index.php\/wp-json\/wp\/v2\/pages\/292\/revisions"}],"predecessor-version":[{"id":661,"href":"https:\/\/cabinetieu-associe.com\/index.php\/wp-json\/wp\/v2\/pages\/292\/revisions\/661"}],"wp:attachment":[{"href":"https:\/\/cabinetieu-associe.com\/index.php\/wp-json\/wp\/v2\/media?parent=292"}],"curies":[{"name":"wp","href":"https:\/\/api.w.org\/{rel}","templated":true}]}}